{"id":1028,"date":"2025-06-23T14:31:58","date_gmt":"2025-06-23T14:31:58","guid":{"rendered":"http:\/\/gm.local\/cart\/"},"modified":"2025-10-07T15:09:39","modified_gmt":"2025-10-07T15:09:39","slug":"cart","status":"publish","type":"page","link":"https:\/\/gympro.ma\/mytv\/cart\/","title":{"rendered":"Cart"},"content":{"rendered":"\n<div data-block-name=\"woocommerce\/cart\" class=\"wp-block-woocommerce-cart alignwide is-loading\">\n<div data-block-name=\"woocommerce\/filled-cart-block\" class=\"wp-block-woocommerce-filled-cart-block\">\n<div data-block-name=\"woocommerce\/cart-items-block\" class=\"wp-block-woocommerce-cart-items-block\">\n<div data-block-name=\"woocommerce\/cart-line-items-block\" class=\"wp-block-woocommerce-cart-line-items-block\"><\/div>\n\n\n\n<div data-block-name=\"woocommerce\/cart-cross-sells-block\" class=\"wp-block-woocommerce-cart-cross-sells-block\">\n<h2 class=\"wp-block-heading has-large-font-size\">You may be interested in\u2026<\/h2>\n\n\n\n<div data-block-name=\"woocommerce\/cart-cross-sells-products-block\" class=\"wp-block-woocommerce-cart-cross-sells-products-block\"><\/div>\n<\/div>\n<\/div>\n\n\n\n<div data-block-name=\"woocommerce\/cart-totals-block\" class=\"wp-block-woocommerce-cart-totals-block\">\n<div data-block-name=\"woocommerce\/cart-order-summary-block\" class=\"wp-block-woocommerce-cart-order-summary-block\">\n<div data-block-name=\"woocommerce\/cart-order-summary-heading-block\" class=\"wp-block-woocommerce-cart-order-summary-heading-block\"><\/div><div data-block-name=\"woocommerce\/cart-order-summary-coupon-form-block\" class=\"wp-block-woocommerce-cart-order-summary-coupon-form-block\"><\/div><div data-block-name=\"woocommerce\/cart-order-summary-totals-block\" class=\"wp-block-woocommerce-cart-order-summary-totals-block\">\n<div data-block-name=\"woocommerce\/cart-order-summary-subtotal-block\" class=\"wp-block-woocommerce-cart-order-summary-subtotal-block\"><\/div>\n<div data-block-name=\"woocommerce\/cart-order-summary-discount-block\" class=\"wp-block-woocommerce-cart-order-summary-discount-block\"><\/div>\n<div data-block-name=\"woocommerce\/cart-order-summary-fee-block\" class=\"wp-block-woocommerce-cart-order-summary-fee-block\"><\/div>\n<div data-block-name=\"woocommerce\/cart-order-summary-shipping-block\" class=\"wp-block-woocommerce-cart-order-summary-shipping-block\"><\/div>\n<div data-block-name=\"woocommerce\/cart-order-summary-taxes-block\" class=\"wp-block-woocommerce-cart-order-summary-taxes-block\"><\/div><\/div>\n<\/div>\n\n\n\n<div data-block-name=\"woocommerce\/cart-express-payment-block\" class=\"wp-block-woocommerce-cart-express-payment-block\"><\/div>\n\n\n\n<div data-block-name=\"woocommerce\/proceed-to-checkout-block\" class=\"wp-block-woocommerce-proceed-to-checkout-block\"><\/div>\n\n\n\n<div data-block-name=\"woocommerce\/cart-accepted-payment-methods-block\" class=\"wp-block-woocommerce-cart-accepted-payment-methods-block\"><\/div>\n<\/div>\n<\/div>\n\n\n\n<div data-block-name=\"woocommerce\/empty-cart-block\" class=\"wp-block-woocommerce-empty-cart-block\">\n<h2 class=\"wp-block-heading has-text-align-center with-empty-cart-icon wc-block-cart__empty-cart__title\">Your cart is currently empty!<\/h2>\n\n\n\n<hr class=\"wp-block-separator has-alpha-channel-opacity is-style-dots\"\/>\n\n\n\n<h2 class=\"wp-block-heading has-text-align-center\">New in store<\/h2>\n\n\n<div data-block-name=\"woocommerce\/product-new\" data-columns=\"4\" data-rows=\"1\" class=\"wc-block-grid wp-block-product-new wp-block-woocommerce-product-new wc-block-product-new has-4-columns\"><ul class=\"wc-block-grid__products\"><li class=\"wc-block-grid__product\">\n\t\t\t\t<a href=\"https:\/\/gympro.ma\/mytv\/product\/abonnement-iptv-smart-x2\/\" class=\"wc-block-grid__product-link\" target=\"_blank\">\n\t\t\t\t\t<div class=\"wc-block-grid__product-onsale\">\n\t\t\t<span aria-hidden=\"true\">Promo<\/span>\n\t\t\t<span class=\"screen-reader-text\">Produit en promotion<\/span>\n\t\t<\/div>\n\t\t\t\t\t<div class=\"wc-block-grid__product-image\"><img fetchpriority=\"high\" decoding=\"async\" width=\"300\" height=\"300\" src=\"https:\/\/gympro.ma\/wp-content\/uploads\/2025\/08\/GYMPRO_SMARTX2_resized-300x300.webp\" class=\"attachment-woocommerce_thumbnail size-woocommerce_thumbnail\" alt=\"SMART-X2-IPTV-ABONNEMENT\" srcset=\"https:\/\/gympro.ma\/wp-content\/uploads\/2025\/08\/GYMPRO_SMARTX2_resized-300x300.webp 300w, https:\/\/gympro.ma\/wp-content\/uploads\/2025\/08\/GYMPRO_SMARTX2_resized-150x150.webp 150w, https:\/\/gympro.ma\/wp-content\/uploads\/2025\/08\/GYMPRO_SMARTX2_resized-100x100.webp 100w\" sizes=\"(max-width: 300px) 100vw, 300px\" \/><\/div>\n\t\t\t\t\t<div class=\"wc-block-grid__product-title\">Abonnement Smart X2 &#8211; IPTV MAROC by GymPro<\/div>\n\t\t\t\t<\/a>\n\t\t\t\t<div class=\"wc-block-grid__product-price price\"><del aria-hidden=\"true\"><span class=\"woocommerce-Price-amount amount\"><span class=\"woocommerce-Price-currencySymbol\">&#x62f;.&#x645;.<\/span>&nbsp;480,00<\/span><\/del> <span class=\"screen-reader-text\">Le prix initial \u00e9tait\u00a0: &#x62f;.&#x645;.&nbsp;480,00.<\/span><ins aria-hidden=\"true\"><span class=\"woocommerce-Price-amount amount\"><span class=\"woocommerce-Price-currencySymbol\">&#x62f;.&#x645;.<\/span>&nbsp;350,00<\/span><\/ins><span class=\"screen-reader-text\">Le prix actuel est\u00a0: &#x62f;.&#x645;.&nbsp;350,00.<\/span><\/div>\n\t\t\t\t\n\t\t\t\t<div class=\"wp-block-button wc-block-grid__product-add-to-cart\"><a href=\"\/mytv\/wp-json\/wp\/v2\/pages\/1028?add-to-cart=2428\" aria-label=\"Ajouter au panier\u00a0: &ldquo;Abonnement Smart X2 - IPTV MAROC by GymPro&rdquo;\" data-quantity=\"1\" data-product_id=\"2428\" data-product_sku=\"smart-x2-iptv55\" data-price=\"350\" rel=\"nofollow\" class=\"wp-block-button__link  add_to_cart_button ajax_add_to_cart\" target=\"_blank\">Ajouter au panier<\/a><\/div>\n\t\t\t<\/li><li class=\"wc-block-grid__product\">\n\t\t\t\t<a href=\"https:\/\/gympro.ma\/mytv\/product\/abonnement-iptv-ultra-12mois-premium-iptv\/\" class=\"wc-block-grid__product-link\" target=\"_blank\">\n\t\t\t\t\t<div class=\"wc-block-grid__product-onsale\">\n\t\t\t<span aria-hidden=\"true\">Promo<\/span>\n\t\t\t<span class=\"screen-reader-text\">Produit en promotion<\/span>\n\t\t<\/div>\n\t\t\t\t\t<div class=\"wc-block-grid__product-image\"><img decoding=\"async\" width=\"300\" height=\"300\" src=\"https:\/\/gympro.ma\/wp-content\/uploads\/2025\/06\/Abonnement-IPTV-Ultra-12Mois-300x300.webp\" class=\"attachment-woocommerce_thumbnail size-woocommerce_thumbnail\" alt=\"Abonnement IPTV Ultra 12Mois\" srcset=\"https:\/\/gympro.ma\/wp-content\/uploads\/2025\/06\/Abonnement-IPTV-Ultra-12Mois-300x300.webp 300w, https:\/\/gympro.ma\/wp-content\/uploads\/2025\/06\/Abonnement-IPTV-Ultra-12Mois-150x150.webp 150w, https:\/\/gympro.ma\/wp-content\/uploads\/2025\/06\/Abonnement-IPTV-Ultra-12Mois-100x100.webp 100w\" sizes=\"(max-width: 300px) 100vw, 300px\" \/><\/div>\n\t\t\t\t\t<div class=\"wc-block-grid__product-title\">Abonnement IPTV Ultra 12Mois &#8211; Premium IPTV<\/div>\n\t\t\t\t<\/a>\n\t\t\t\t<div class=\"wc-block-grid__product-price price\"><del aria-hidden=\"true\"><span class=\"woocommerce-Price-amount amount\"><span class=\"woocommerce-Price-currencySymbol\">&#x62f;.&#x645;.<\/span>&nbsp;689,00<\/span><\/del> <span class=\"screen-reader-text\">Le prix initial \u00e9tait\u00a0: &#x62f;.&#x645;.&nbsp;689,00.<\/span><ins aria-hidden=\"true\"><span class=\"woocommerce-Price-amount amount\"><span class=\"woocommerce-Price-currencySymbol\">&#x62f;.&#x645;.<\/span>&nbsp;550,00<\/span><\/ins><span class=\"screen-reader-text\">Le prix actuel est\u00a0: &#x62f;.&#x645;.&nbsp;550,00.<\/span><\/div>\n\t\t\t\t\n\t\t\t\t<div class=\"wp-block-button wc-block-grid__product-add-to-cart\"><a href=\"\/mytv\/wp-json\/wp\/v2\/pages\/1028?add-to-cart=1902\" aria-label=\"Ajouter au panier\u00a0: &ldquo;Abonnement IPTV Ultra 12Mois - Premium IPTV&rdquo;\" data-quantity=\"1\" data-product_id=\"1902\" data-product_sku=\"Ultra-325\" data-price=\"550\" rel=\"nofollow\" class=\"wp-block-button__link  add_to_cart_button ajax_add_to_cart\" target=\"_blank\">Ajouter au panier<\/a><\/div>\n\t\t\t<\/li><li class=\"wc-block-grid__product\">\n\t\t\t\t<a href=\"https:\/\/gympro.ma\/mytv\/product\/abonnement-iptv-basic-12mois-premium-iptv-au-maroc\/\" class=\"wc-block-grid__product-link\" target=\"_blank\">\n\t\t\t\t\t<div class=\"wc-block-grid__product-onsale\">\n\t\t\t<span aria-hidden=\"true\">Promo<\/span>\n\t\t\t<span class=\"screen-reader-text\">Produit en promotion<\/span>\n\t\t<\/div>\n\t\t\t\t\t<div class=\"wc-block-grid__product-image\"><img decoding=\"async\" width=\"300\" height=\"300\" src=\"https:\/\/gympro.ma\/wp-content\/uploads\/2025\/06\/Abonnement-IPTV-Basic-12Mois-Premium-IPTV-au-Maroc-300x300.webp\" class=\"attachment-woocommerce_thumbnail size-woocommerce_thumbnail\" alt=\"Abonnement IPTV Basic 12Mois | Premium IPTV au Maroc\" srcset=\"https:\/\/gympro.ma\/wp-content\/uploads\/2025\/06\/Abonnement-IPTV-Basic-12Mois-Premium-IPTV-au-Maroc-300x300.webp 300w, https:\/\/gympro.ma\/wp-content\/uploads\/2025\/06\/Abonnement-IPTV-Basic-12Mois-Premium-IPTV-au-Maroc-150x150.webp 150w, https:\/\/gympro.ma\/wp-content\/uploads\/2025\/06\/Abonnement-IPTV-Basic-12Mois-Premium-IPTV-au-Maroc-100x100.webp 100w\" sizes=\"(max-width: 300px) 100vw, 300px\" \/><\/div>\n\t\t\t\t\t<div class=\"wc-block-grid__product-title\">Abonnement IPTV Basic 12Mois | Premium IPTV au Maroc<\/div>\n\t\t\t\t<\/a>\n\t\t\t\t<div class=\"wc-block-grid__product-price price\"><del aria-hidden=\"true\"><span class=\"woocommerce-Price-amount amount\"><span class=\"woocommerce-Price-currencySymbol\">&#x62f;.&#x645;.<\/span>&nbsp;350,00<\/span><\/del> <span class=\"screen-reader-text\">Le prix initial \u00e9tait\u00a0: &#x62f;.&#x645;.&nbsp;350,00.<\/span><ins aria-hidden=\"true\"><span class=\"woocommerce-Price-amount amount\"><span class=\"woocommerce-Price-currencySymbol\">&#x62f;.&#x645;.<\/span>&nbsp;250,00<\/span><\/ins><span class=\"screen-reader-text\">Le prix actuel est\u00a0: &#x62f;.&#x645;.&nbsp;250,00.<\/span><\/div>\n\t\t\t\t\n\t\t\t\t<div class=\"wp-block-button wc-block-grid__product-add-to-cart\"><a href=\"\/mytv\/wp-json\/wp\/v2\/pages\/1028?add-to-cart=1906\" aria-label=\"Ajouter au panier\u00a0: &ldquo;Abonnement IPTV Basic 12Mois | Premium IPTV au Maroc&rdquo;\" data-quantity=\"1\" data-product_id=\"1906\" data-product_sku=\"basic2501\" data-price=\"250\" rel=\"nofollow\" class=\"wp-block-button__link  add_to_cart_button ajax_add_to_cart\" target=\"_blank\">Ajouter au panier<\/a><\/div>\n\t\t\t<\/li><li class=\"wc-block-grid__product\">\n\t\t\t\t<a href=\"https:\/\/gympro.ma\/mytv\/product\/abonnement-iptv-gold-meilleur-service-iptv-au-maroc\/\" class=\"wc-block-grid__product-link\" target=\"_blank\">\n\t\t\t\t\t<div class=\"wc-block-grid__product-onsale\">\n\t\t\t<span aria-hidden=\"true\">Promo<\/span>\n\t\t\t<span class=\"screen-reader-text\">Produit en promotion<\/span>\n\t\t<\/div>\n\t\t\t\t\t<div class=\"wc-block-grid__product-image\"><img loading=\"lazy\" decoding=\"async\" width=\"300\" height=\"300\" src=\"https:\/\/gympro.ma\/wp-content\/uploads\/2025\/06\/Abonnement-IPTV-Gold-\u2013-Meilleur-Service-IPTV-au-Maroc-300x300.webp\" class=\"attachment-woocommerce_thumbnail size-woocommerce_thumbnail\" alt=\"Abonnement IPTV Gold \u2013 Meilleur Service IPTV au Maroc\" srcset=\"https:\/\/gympro.ma\/wp-content\/uploads\/2025\/06\/Abonnement-IPTV-Gold-\u2013-Meilleur-Service-IPTV-au-Maroc-300x300.webp 300w, https:\/\/gympro.ma\/wp-content\/uploads\/2025\/06\/Abonnement-IPTV-Gold-\u2013-Meilleur-Service-IPTV-au-Maroc-150x150.webp 150w, https:\/\/gympro.ma\/wp-content\/uploads\/2025\/06\/Abonnement-IPTV-Gold-\u2013-Meilleur-Service-IPTV-au-Maroc-100x100.webp 100w\" sizes=\"(max-width: 300px) 100vw, 300px\" \/><\/div>\n\t\t\t\t\t<div class=\"wc-block-grid__product-title\">Abonnement IPTV Gold &#8211; Meilleur Service IPTV au Maroc<\/div>\n\t\t\t\t<\/a>\n\t\t\t\t<div class=\"wc-block-grid__product-price price\"><del aria-hidden=\"true\"><span class=\"woocommerce-Price-amount amount\"><span class=\"woocommerce-Price-currencySymbol\">&#x62f;.&#x645;.<\/span>&nbsp;800,00<\/span><\/del> <span class=\"screen-reader-text\">Le prix initial \u00e9tait\u00a0: &#x62f;.&#x645;.&nbsp;800,00.<\/span><ins aria-hidden=\"true\"><span class=\"woocommerce-Price-amount amount\"><span class=\"woocommerce-Price-currencySymbol\">&#x62f;.&#x645;.<\/span>&nbsp;690,00<\/span><\/ins><span class=\"screen-reader-text\">Le prix actuel est\u00a0: &#x62f;.&#x645;.&nbsp;690,00.<\/span><\/div>\n\t\t\t\t\n\t\t\t\t<div class=\"wp-block-button wc-block-grid__product-add-to-cart\"><a href=\"\/mytv\/wp-json\/wp\/v2\/pages\/1028?add-to-cart=1900\" aria-label=\"Ajouter au panier\u00a0: &ldquo;Abonnement IPTV Gold - Meilleur Service IPTV au Maroc&rdquo;\" data-quantity=\"1\" data-product_id=\"1900\" data-product_sku=\"gold-545\" data-price=\"690\" rel=\"nofollow\" class=\"wp-block-button__link  add_to_cart_button ajax_add_to_cart\" target=\"_blank\">Ajouter au panier<\/a><\/div>\n\t\t\t<\/li><\/ul><\/div><\/div>\n<\/div>\n","protected":false},"excerpt":{"rendered":"","protected":false},"author":1,"featured_media":0,"parent":0,"menu_order":0,"comment_status":"closed","ping_status":"closed","template":"","meta":{"footnotes":""},"class_list":["post-1028","page","type-page","status-publish","hentry"],"yoast_head":"<!-- This site is optimized with the Yoast SEO Premium plugin v26.0 (Yoast SEO v26.3) - https:\/\/yoast.com\/wordpress\/plugins\/seo\/ -->\n<title>Cart - IPTV Maroc 2025 le Meilleur Service d&#039;abonnement IPTV au Maroc<\/title>\n<meta name=\"robots\" content=\"index, follow, max-snippet:-1, max-image-preview:large, max-video-preview:-1\" \/>\n<link rel=\"canonical\" href=\"https:\/\/gympro.ma\/mytv\/cart\/\" \/>\n<meta property=\"og:locale\" content=\"fr_FR\" \/>\n<meta property=\"og:type\" content=\"article\" \/>\n<meta property=\"og:title\" content=\"Cart\" \/>\n<meta property=\"og:url\" content=\"https:\/\/gympro.ma\/mytv\/cart\/\" \/>\n<meta property=\"og:site_name\" content=\"IPTV Maroc 2025 le Meilleur Service d&#039;abonnement IPTV au Maroc\" \/>\n<meta property=\"article:modified_time\" content=\"2025-10-07T15:09:39+00:00\" \/>\n<meta name=\"twitter:card\" content=\"summary_large_image\" \/>\n<script type=\"application\/ld+json\" class=\"yoast-schema-graph\">{\"@context\":\"https:\/\/schema.org\",\"@graph\":[{\"@type\":\"WebPage\",\"@id\":\"https:\/\/gympro.ma\/mytv\/cart\/\",\"url\":\"https:\/\/gympro.ma\/mytv\/cart\/\",\"name\":\"Cart - IPTV Maroc 2025 le Meilleur Service d&#039;abonnement IPTV au Maroc\",\"isPartOf\":{\"@id\":\"https:\/\/gympro.ma\/mytv\/#website\"},\"datePublished\":\"2025-06-23T14:31:58+00:00\",\"dateModified\":\"2025-10-07T15:09:39+00:00\",\"breadcrumb\":{\"@id\":\"https:\/\/gympro.ma\/mytv\/cart\/#breadcrumb\"},\"inLanguage\":\"fr-FR\",\"potentialAction\":[{\"@type\":\"ReadAction\",\"target\":[\"https:\/\/gympro.ma\/mytv\/cart\/\"]}]},{\"@type\":\"BreadcrumbList\",\"@id\":\"https:\/\/gympro.ma\/mytv\/cart\/#breadcrumb\",\"itemListElement\":[{\"@type\":\"ListItem\",\"position\":1,\"name\":\"Home\",\"item\":\"https:\/\/gympro.ma\/mytv\/\"},{\"@type\":\"ListItem\",\"position\":2,\"name\":\"Cart\"}]},{\"@type\":\"WebSite\",\"@id\":\"https:\/\/gympro.ma\/mytv\/#website\",\"url\":\"https:\/\/gympro.ma\/mytv\/\",\"name\":\"IPTV Maroc 2025 le Meilleur Service d&#039;abonnement IPTV au Maroc\",\"description\":\"IPTV Maroc - Premium IPTV Service | Gympro.Ma\",\"publisher\":{\"@id\":\"https:\/\/gympro.ma\/mytv\/#organization\"},\"potentialAction\":[{\"@type\":\"SearchAction\",\"target\":{\"@type\":\"EntryPoint\",\"urlTemplate\":\"https:\/\/gympro.ma\/mytv\/?s={search_term_string}\"},\"query-input\":{\"@type\":\"PropertyValueSpecification\",\"valueRequired\":true,\"valueName\":\"search_term_string\"}}],\"inLanguage\":\"fr-FR\"},{\"@type\":[\"Organization\",\"Place\"],\"@id\":\"https:\/\/gympro.ma\/mytv\/#organization\",\"name\":\"Gympro IPTV\",\"alternateName\":\"Gympro\",\"url\":\"https:\/\/gympro.ma\/mytv\/\",\"logo\":{\"@id\":\"https:\/\/gympro.ma\/mytv\/cart\/#local-main-organization-logo\"},\"image\":{\"@id\":\"https:\/\/gympro.ma\/mytv\/cart\/#local-main-organization-logo\"},\"description\":\"GYMPRO IPTV PREMIUM, profitez d\u2019un paiement 100% s\u00e9curis\u00e9 au Maroc via toutes les principales banques, et \u00e0 l\u2019international avec Western Union, RIA, WorldRemit et TapTap Send. Notre support client actif vous accompagne pour un service simple, rapide et fiable.\",\"legalName\":\"GymPro IPTV\",\"foundingDate\":\"2019-06-09\",\"numberOfEmployees\":{\"@type\":\"QuantitativeValue\",\"minValue\":\"11\",\"maxValue\":\"50\"},\"address\":{\"@id\":\"https:\/\/gympro.ma\/mytv\/cart\/#local-main-place-address\"},\"telephone\":[\"0699136213\"],\"contactPoint\":{\"@type\":\"ContactPoint\",\"telephone\":\"0699136213\",\"email\":\"contact@gm.local\"},\"openingHoursSpecification\":[{\"@type\":\"OpeningHoursSpecification\",\"dayOfWeek\":[\"Monday\",\"Tuesday\",\"Wednesday\",\"Thursday\",\"Friday\",\"Saturday\",\"Sunday\"],\"opens\":\"09:00\",\"closes\":\"17:00\"}],\"email\":\"client@gm.local\",\"faxNumber\":\"maroc\"},{\"@type\":\"PostalAddress\",\"@id\":\"https:\/\/gympro.ma\/mytv\/cart\/#local-main-place-address\",\"streetAddress\":\"RUE 110 NR 43 BIS casablanca, FDBFDBHFD\",\"addressLocality\":\"CASABLANCA\",\"postalCode\":\"20040\",\"addressRegion\":\"CASABLANCA\",\"addressCountry\":\"MA\"},{\"@type\":\"ImageObject\",\"inLanguage\":\"fr-FR\",\"@id\":\"https:\/\/gympro.ma\/mytv\/cart\/#local-main-organization-logo\",\"url\":\"https:\/\/gympro.ma\/wp-content\/uploads\/2025\/08\/gympro-black.png\",\"contentUrl\":\"https:\/\/gympro.ma\/wp-content\/uploads\/2025\/08\/gympro-black.png\",\"width\":820,\"height\":280,\"caption\":\"Gympro IPTV\"}]}<\/script>\n<meta name=\"geo.placename\" content=\"CASABLANCA\" \/>\n<meta name=\"geo.region\" content=\"Maroc\" \/>\n<!-- \/ Yoast SEO Premium plugin. -->","yoast_head_json":{"title":"Cart - IPTV Maroc 2025 le Meilleur Service d&#039;abonnement IPTV au Maroc","robots":{"index":"index","follow":"follow","max-snippet":"max-snippet:-1","max-image-preview":"max-image-preview:large","max-video-preview":"max-video-preview:-1"},"canonical":"https:\/\/gympro.ma\/mytv\/cart\/","og_locale":"fr_FR","og_type":"article","og_title":"Cart","og_url":"https:\/\/gympro.ma\/mytv\/cart\/","og_site_name":"IPTV Maroc 2025 le Meilleur Service d&#039;abonnement IPTV au Maroc","article_modified_time":"2025-10-07T15:09:39+00:00","twitter_card":"summary_large_image","schema":{"@context":"https:\/\/schema.org","@graph":[{"@type":"WebPage","@id":"https:\/\/gympro.ma\/mytv\/cart\/","url":"https:\/\/gympro.ma\/mytv\/cart\/","name":"Cart - IPTV Maroc 2025 le Meilleur Service d&#039;abonnement IPTV au Maroc","isPartOf":{"@id":"https:\/\/gympro.ma\/mytv\/#website"},"datePublished":"2025-06-23T14:31:58+00:00","dateModified":"2025-10-07T15:09:39+00:00","breadcrumb":{"@id":"https:\/\/gympro.ma\/mytv\/cart\/#breadcrumb"},"inLanguage":"fr-FR","potentialAction":[{"@type":"ReadAction","target":["https:\/\/gympro.ma\/mytv\/cart\/"]}]},{"@type":"BreadcrumbList","@id":"https:\/\/gympro.ma\/mytv\/cart\/#breadcrumb","itemListElement":[{"@type":"ListItem","position":1,"name":"Home","item":"https:\/\/gympro.ma\/mytv\/"},{"@type":"ListItem","position":2,"name":"Cart"}]},{"@type":"WebSite","@id":"https:\/\/gympro.ma\/mytv\/#website","url":"https:\/\/gympro.ma\/mytv\/","name":"IPTV Maroc 2025 le Meilleur Service d&#039;abonnement IPTV au Maroc","description":"IPTV Maroc - Premium IPTV Service | Gympro.Ma","publisher":{"@id":"https:\/\/gympro.ma\/mytv\/#organization"},"potentialAction":[{"@type":"SearchAction","target":{"@type":"EntryPoint","urlTemplate":"https:\/\/gympro.ma\/mytv\/?s={search_term_string}"},"query-input":{"@type":"PropertyValueSpecification","valueRequired":true,"valueName":"search_term_string"}}],"inLanguage":"fr-FR"},{"@type":["Organization","Place"],"@id":"https:\/\/gympro.ma\/mytv\/#organization","name":"Gympro IPTV","alternateName":"Gympro","url":"https:\/\/gympro.ma\/mytv\/","logo":{"@id":"https:\/\/gympro.ma\/mytv\/cart\/#local-main-organization-logo"},"image":{"@id":"https:\/\/gympro.ma\/mytv\/cart\/#local-main-organization-logo"},"description":"GYMPRO IPTV PREMIUM, profitez d\u2019un paiement 100% s\u00e9curis\u00e9 au Maroc via toutes les principales banques, et \u00e0 l\u2019international avec Western Union, RIA, WorldRemit et TapTap Send. Notre support client actif vous accompagne pour un service simple, rapide et fiable.","legalName":"GymPro IPTV","foundingDate":"2019-06-09","numberOfEmployees":{"@type":"QuantitativeValue","minValue":"11","maxValue":"50"},"address":{"@id":"https:\/\/gympro.ma\/mytv\/cart\/#local-main-place-address"},"telephone":["0699136213"],"contactPoint":{"@type":"ContactPoint","telephone":"0699136213","email":"contact@gm.local"},"openingHoursSpecification":[{"@type":"OpeningHoursSpecification","dayOfWeek":["Monday","Tuesday","Wednesday","Thursday","Friday","Saturday","Sunday"],"opens":"09:00","closes":"17:00"}],"email":"client@gm.local","faxNumber":"maroc"},{"@type":"PostalAddress","@id":"https:\/\/gympro.ma\/mytv\/cart\/#local-main-place-address","streetAddress":"RUE 110 NR 43 BIS casablanca, FDBFDBHFD","addressLocality":"CASABLANCA","postalCode":"20040","addressRegion":"CASABLANCA","addressCountry":"MA"},{"@type":"ImageObject","inLanguage":"fr-FR","@id":"https:\/\/gympro.ma\/mytv\/cart\/#local-main-organization-logo","url":"https:\/\/gympro.ma\/wp-content\/uploads\/2025\/08\/gympro-black.png","contentUrl":"https:\/\/gympro.ma\/wp-content\/uploads\/2025\/08\/gympro-black.png","width":820,"height":280,"caption":"Gympro IPTV"}]},"geo.placename":"CASABLANCA","geo.region":"Maroc"},"_links":{"self":[{"href":"https:\/\/gympro.ma\/mytv\/wp-json\/wp\/v2\/pages\/1028","targetHints":{"allow":["GET"]}}],"collection":[{"href":"https:\/\/gympro.ma\/mytv\/wp-json\/wp\/v2\/pages"}],"about":[{"href":"https:\/\/gympro.ma\/mytv\/wp-json\/wp\/v2\/types\/page"}],"author":[{"embeddable":true,"href":"https:\/\/gympro.ma\/mytv\/wp-json\/wp\/v2\/users\/1"}],"replies":[{"embeddable":true,"href":"https:\/\/gympro.ma\/mytv\/wp-json\/wp\/v2\/comments?post=1028"}],"version-history":[{"count":1,"href":"https:\/\/gympro.ma\/mytv\/wp-json\/wp\/v2\/pages\/1028\/revisions"}],"predecessor-version":[{"id":2961,"href":"https:\/\/gympro.ma\/mytv\/wp-json\/wp\/v2\/pages\/1028\/revisions\/2961"}],"wp:attachment":[{"href":"https:\/\/gympro.ma\/mytv\/wp-json\/wp\/v2\/media?parent=1028"}],"curies":[{"name":"wp","href":"https:\/\/api.w.org\/{rel}","templated":true}]}}