{"id":1490,"date":"2025-06-25T00:45:17","date_gmt":"2025-06-25T00:45:17","guid":{"rendered":"http:\/\/gm.local\/?page_id=1490"},"modified":"2025-07-02T19:36:32","modified_gmt":"2025-07-02T19:36:32","slug":"blog","status":"publish","type":"page","link":"https:\/\/gympro.ma\/mytv\/blog\/","title":{"rendered":"Blog"},"content":{"rendered":"\t\t<div data-elementor-type=\"wp-page\" data-elementor-id=\"1490\" class=\"elementor elementor-1490\" data-elementor-settings=\"{&quot;ha_cmc_init_switcher&quot;:&quot;no&quot;}\" data-elementor-post-type=\"page\">\n\t\t\t\t<div class=\"elementor-element elementor-element-d466c61 e-flex e-con-boxed e-con e-parent\" data-id=\"d466c61\" data-element_type=\"container\" data-e-type=\"container\" data-settings=\"{&quot;background_background&quot;:&quot;classic&quot;,&quot;_ha_eqh_enable&quot;:false}\">\n\t\t\t\t\t<div class=\"e-con-inner\">\n\t\t\t\t<div class=\"elementor-element elementor-element-584716c elementor-widget elementor-widget-elementskit-blog-posts\" data-id=\"584716c\" data-element_type=\"widget\" data-e-type=\"widget\" data-settings=\"{&quot;ekit_we_effect_on&quot;:&quot;none&quot;}\" data-widget_type=\"elementskit-blog-posts.default\">\n\t\t\t\t<div class=\"elementor-widget-container\">\n\t\t\t\t\t<div class=\"ekit-wid-con\" >\n        <div id=\"post-items--584716c\" class=\"row post-items ekit-blog-posts-content wihout-masonry \" data-enable=\"no\">\n\n\t\t\t<!-- Blog Carousel markup render -->\n\t\t\t\n\n            <div class=\"col-md-12\">\n\n                                    <div class=\"elementskit-blog-block-post\">\n                        <div class=\"row no-gutters\">\n                                                            <div class=\"col-md-6 order-1\">\n                                    <a href=\"https:\/\/gympro.ma\/mytv\/smart-x2-guide-complet-installation-et-avis-2025-gympro-iptv\/\" class=\"elementskit-entry-thumb\" target=\"_blank\">\n                                        <img decoding=\"async\" src=\"https:\/\/gympro.ma\/wp-content\/uploads\/2025\/08\/smart-x2-1024x536.webp\" alt=\"Smart X2 : guide complet, installation et avis 2025 (GymPro IPTV)\">\n                                    <\/a><!-- .elementskit-entry-thumb END -->\n                                <\/div>\n                            \n                            <div class=\"col-md-6 order-2\">\n                                <div class=\"elementskit-post-body \">\n                                    <div class=\"elementskit-entry-header\">\n                                        \n                                                                                                                                                                        \n                                            \n                                            \t\t\t\t\t\t\t\t\t\t\t\t                <h2 class=\"entry-title\">\n                    <a href=\"https:\/\/gympro.ma\/mytv\/smart-x2-guide-complet-installation-et-avis-2025-gympro-iptv\/\" target=\"_blank\">\n                            Smart X2 : guide complet, installation et avis 2025 (GymPro IPTV)                    <\/a>\n                <\/h2>\n                                                                                                <\/div><!-- .elementskit-entry-header END -->\n\n                                                                            <div class=\"elementskit-post-footer\">\n                                                                                            <p>Smart X2 est une box IPTV\/OTT moderne, compatible Android 7 \u00e0 15. Elle se distingue par sa simplicit\u00e9 d\u2019installation, son vaste \u00e9cosyst\u00e8me d\u2019applications et une lecture fluide en HD\/4K lorsqu\u2019elle est correctement configur\u00e9e. Dans cet article, GymPro IPTV vous guide pas \u00e0 pas pour bien d\u00e9marrer, optimiser la qualit\u00e9 et r\u00e9soudre les probl\u00e8mes courants, que [&hellip;] <\/p>\n                                                                                                                                <\/div><!-- .elementskit-post-footer END -->\n                                                                    <\/div><!-- .elementskit-post-body END -->\n                            <\/div>\n                        <\/div>\n                    <\/div><!-- .elementskit-blog-block-post .radius .gradient-bg END -->\n                \n            <\/div>\t\t\t\t\n\n            <div class=\"col-md-12\">\n\n                                    <div class=\"elementskit-blog-block-post\">\n                        <div class=\"row no-gutters\">\n                                                            <div class=\"col-md-6 order-1\">\n                                    <a href=\"https:\/\/gympro.ma\/mytv\/meilleures-lecteures-iptv-pour-smart-tv-en-2025-comparatif-complet\/\" class=\"elementskit-entry-thumb\" target=\"_blank\">\n                                        <img decoding=\"async\" src=\"https:\/\/gympro.ma\/wp-content\/uploads\/2025\/06\/strong-4k-2-1024x536.webp\" alt=\"Meilleures Lecteurs IPTV pour Smart TV en 2025 : Comparatif Complet\">\n                                    <\/a><!-- .elementskit-entry-thumb END -->\n                                <\/div>\n                            \n                            <div class=\"col-md-6 order-2\">\n                                <div class=\"elementskit-post-body \">\n                                    <div class=\"elementskit-entry-header\">\n                                        \n                                                                                                                                                                        \n                                            \n                                            \t\t\t\t\t\t\t\t\t\t\t\t                <h2 class=\"entry-title\">\n                    <a href=\"https:\/\/gympro.ma\/mytv\/meilleures-lecteures-iptv-pour-smart-tv-en-2025-comparatif-complet\/\" target=\"_blank\">\n                            Meilleures Lecteurs IPTV pour Smart TV en 2025 : Comparatif Complet                    <\/a>\n                <\/h2>\n                                                                                                <\/div><!-- .elementskit-entry-header END -->\n\n                                                                            <div class=\"elementskit-post-footer\">\n                                                                                            <p>Vous recherchez le meilleur moyen de profiter de vos cha\u00eenes pr\u00e9f\u00e9r\u00e9es sur votre t\u00e9l\u00e9viseur connect\u00e9 ? Meilleures lecteurs IPTV \u00a0pour Smart TV transforment votre exp\u00e9rience de visionnage en vous offrant un acc\u00e8s \u00e0 des milliers de cha\u00eenes du monde entier. En 2025, ces applications ont consid\u00e9rablement \u00e9volu\u00e9, proposant des fonctionnalit\u00e9s avanc\u00e9es et une stabilit\u00e9 remarquable. [&hellip;] <\/p>\n                                                                                                                                <\/div><!-- .elementskit-post-footer END -->\n                                                                    <\/div><!-- .elementskit-post-body END -->\n                            <\/div>\n                        <\/div>\n                    <\/div><!-- .elementskit-blog-block-post .radius .gradient-bg END -->\n                \n            <\/div>\t\t\t\t\n\n            <div class=\"col-md-12\">\n\n                                    <div class=\"elementskit-blog-block-post\">\n                        <div class=\"row no-gutters\">\n                                                            <div class=\"col-md-6 order-1\">\n                                    <a href=\"https:\/\/gympro.ma\/mytv\/les-5-meilleures-lecteures-iptv-pour-android-2025\/\" class=\"elementskit-entry-thumb\">\n                                        <img decoding=\"async\" src=\"https:\/\/gympro.ma\/wp-content\/uploads\/2025\/06\/Les-5-Meilleures-lecteures-IPTV-Pour-Android-2025-1024x536.webp\" alt=\"Les 5 Meilleures lecteures IPTV Pour Android 2025\">\n                                    <\/a><!-- .elementskit-entry-thumb END -->\n                                <\/div>\n                            \n                            <div class=\"col-md-6 order-2\">\n                                <div class=\"elementskit-post-body \">\n                                    <div class=\"elementskit-entry-header\">\n                                        \n                                                                                                                                                                        \n                                            \n                                            \t\t\t\t\t\t\t\t\t\t\t\t                <h2 class=\"entry-title\">\n                    <a href=\"https:\/\/gympro.ma\/mytv\/les-5-meilleures-lecteures-iptv-pour-android-2025\/\">\n                            Les 5 Meilleures lecteures IPTV Pour Android 2025                    <\/a>\n                <\/h2>\n                                                                                                <\/div><!-- .elementskit-entry-header END -->\n\n                                                                            <div class=\"elementskit-post-footer\">\n                                                                                            <p>L&rsquo;IPTV r\u00e9volutionne notre fa\u00e7on de consommer du contenu t\u00e9l\u00e9visuel, offrant un acc\u00e8s flexible \u00e0 des milliers de cha\u00eenes via Internet. Pour en profiter pleinement sur votre appareil Android, le choix d&rsquo;un lecteur IPTV performant est crucial. Notre guide des meilleures lecteures IPTV Android 2025 vous pr\u00e9sente les applications les plus fiables et riches en fonctionnalit\u00e9s [&hellip;] <\/p>\n                                                                                                                                <\/div><!-- .elementskit-post-footer END -->\n                                                                    <\/div><!-- .elementskit-post-body END -->\n                            <\/div>\n                        <\/div>\n                    <\/div><!-- .elementskit-blog-block-post .radius .gradient-bg END -->\n                \n            <\/div>\t\t\t\t        <\/div>\n        \n        \n                    <div \n            data-ekit-blog-post-style=\"loadmore\"\n            class=\"ekit-blog-post-pagination-container ekit-blog-post-pagination-style-loadmore\" \n            id=\"post-nagivation--584716c\">\n                <span aria-label=\"Page 1\" aria-current=\"page\" class=\"page-numbers current\">1<\/span>\n<a aria-label=\"Page 2\" class=\"page-numbers\" href=\"https:\/\/gympro.ma\/mytv\/wp-json\/wp\/v2\/pages\/1490\/?ekit-blog-posts-paged=2\">2<\/a>\n<a aria-label=\"Page 3\" class=\"page-numbers\" href=\"https:\/\/gympro.ma\/mytv\/wp-json\/wp\/v2\/pages\/1490\/?ekit-blog-posts-paged=3\">3<\/a>\n<span class=\"page-numbers dots\">\u2026<\/span>\n<a aria-label=\"Page 7\" class=\"page-numbers\" href=\"https:\/\/gympro.ma\/mytv\/wp-json\/wp\/v2\/pages\/1490\/?ekit-blog-posts-paged=7\">7<\/a>\n<a class=\"next page-numbers\" href=\"https:\/\/gympro.ma\/mytv\/wp-json\/wp\/v2\/pages\/1490\/?ekit-blog-posts-paged=2\">Load More<\/a>            <\/div>\n\n            <\/div>\t\t\t\t<\/div>\n\t\t\t\t<\/div>\n\t\t\t\t\t<\/div>\n\t\t\t\t<\/div>\n\t\t\t\t<\/div>\n\t\t","protected":false},"excerpt":{"rendered":"<p>Votre solution IPTV Smart Player Gratuit &#8211; Gympro IPTV Votre solution IPTV Smart Player premium, fiable et abordable pour une exp\u00e9rience de divertissement num\u00e9rique optimale. Comment Installer IPTV sur Smart TV en 10 \u00c9tapes Faciles &#8211; Gympro Comment Installer IPTV sur smart tv : Guide en 10 \u00c9tapes Faciles avec Gympro IPTV Maroc. Suivez notre [&hellip;] <\/p>\n","protected":false},"author":3,"featured_media":0,"parent":0,"menu_order":0,"comment_status":"closed","ping_status":"closed","template":"","meta":{"footnotes":""},"class_list":["post-1490","page","type-page","status-publish","hentry"],"yoast_head":"<!-- This site is optimized with the Yoast SEO Premium plugin v26.0 (Yoast SEO v27.4) - https:\/\/yoast.com\/product\/yoast-seo-premium-wordpress\/ -->\n<title>IPTV Maroc<\/title>\n<meta name=\"robots\" content=\"index, follow, max-snippet:-1, max-image-preview:large, max-video-preview:-1\" \/>\n<link rel=\"canonical\" href=\"https:\/\/gympro.ma\/mytv\/blog\/\" \/>\n<meta property=\"og:locale\" content=\"fr_FR\" \/>\n<meta property=\"og:type\" content=\"article\" \/>\n<meta property=\"og:title\" content=\"Blog\" \/>\n<meta property=\"og:description\" content=\"Votre solution IPTV Smart Player Gratuit &#8211; Gympro IPTV Votre solution IPTV Smart Player premium, fiable et abordable pour une exp\u00e9rience de divertissement num\u00e9rique optimale. Comment Installer IPTV sur Smart TV en 10 \u00c9tapes Faciles &#8211; Gympro Comment Installer IPTV sur smart tv : Guide en 10 \u00c9tapes Faciles avec Gympro IPTV Maroc. Suivez notre [&hellip;]\" \/>\n<meta property=\"og:url\" content=\"https:\/\/gympro.ma\/mytv\/blog\/\" \/>\n<meta property=\"og:site_name\" content=\"IPTV Maroc 2025 le Meilleur Service d&#039;abonnement IPTV au Maroc\" \/>\n<meta property=\"article:modified_time\" content=\"2025-07-02T19:36:32+00:00\" \/>\n<meta property=\"og:image\" content=\"https:\/\/gympro.ma\/wp-content\/uploads\/2025\/06\/smart-iptv-featured-image-1-1024x536.webp\" \/>\n<meta name=\"twitter:card\" content=\"summary_large_image\" \/>\n<meta name=\"twitter:label1\" content=\"Dur\u00e9e de lecture estim\u00e9e\" \/>\n\t<meta name=\"twitter:data1\" content=\"2 minutes\" \/>\n<script type=\"application\/ld+json\" class=\"yoast-schema-graph\">{\"@context\":\"https:\\\/\\\/schema.org\",\"@graph\":[{\"@type\":\"WebPage\",\"@id\":\"https:\\\/\\\/gympro.ma\\\/mytv\\\/blog\\\/\",\"url\":\"https:\\\/\\\/gympro.ma\\\/mytv\\\/blog\\\/\",\"name\":\"IPTV Maroc\",\"isPartOf\":{\"@id\":\"https:\\\/\\\/gympro.ma\\\/mytv\\\/#website\"},\"primaryImageOfPage\":{\"@id\":\"https:\\\/\\\/gympro.ma\\\/mytv\\\/blog\\\/#primaryimage\"},\"image\":{\"@id\":\"https:\\\/\\\/gympro.ma\\\/mytv\\\/blog\\\/#primaryimage\"},\"thumbnailUrl\":\"https:\\\/\\\/gympro.ma\\\/wp-content\\\/uploads\\\/2025\\\/06\\\/smart-iptv-featured-image-1-1024x536.webp\",\"datePublished\":\"2025-06-25T00:45:17+00:00\",\"dateModified\":\"2025-07-02T19:36:32+00:00\",\"breadcrumb\":{\"@id\":\"https:\\\/\\\/gympro.ma\\\/mytv\\\/blog\\\/#breadcrumb\"},\"inLanguage\":\"fr-FR\",\"potentialAction\":[{\"@type\":\"ReadAction\",\"target\":[\"https:\\\/\\\/gympro.ma\\\/mytv\\\/blog\\\/\"]}]},{\"@type\":\"ImageObject\",\"inLanguage\":\"fr-FR\",\"@id\":\"https:\\\/\\\/gympro.ma\\\/mytv\\\/blog\\\/#primaryimage\",\"url\":\"https:\\\/\\\/gympro.ma\\\/wp-content\\\/uploads\\\/2025\\\/06\\\/smart-iptv-featured-image-1-1024x536.webp\",\"contentUrl\":\"https:\\\/\\\/gympro.ma\\\/wp-content\\\/uploads\\\/2025\\\/06\\\/smart-iptv-featured-image-1-1024x536.webp\"},{\"@type\":\"BreadcrumbList\",\"@id\":\"https:\\\/\\\/gympro.ma\\\/mytv\\\/blog\\\/#breadcrumb\",\"itemListElement\":[{\"@type\":\"ListItem\",\"position\":1,\"name\":\"Home\",\"item\":\"https:\\\/\\\/gympro.ma\\\/mytv\\\/\"},{\"@type\":\"ListItem\",\"position\":2,\"name\":\"Blog\"}]},{\"@type\":\"WebSite\",\"@id\":\"https:\\\/\\\/gympro.ma\\\/mytv\\\/#website\",\"url\":\"https:\\\/\\\/gympro.ma\\\/mytv\\\/\",\"name\":\"IPTV Maroc 2025 le Meilleur Service d&#039;abonnement IPTV au Maroc\",\"description\":\"IPTV Maroc - Premium IPTV Service | Gympro.Ma\",\"publisher\":{\"@id\":\"https:\\\/\\\/gympro.ma\\\/mytv\\\/#organization\"},\"potentialAction\":[{\"@type\":\"SearchAction\",\"target\":{\"@type\":\"EntryPoint\",\"urlTemplate\":\"https:\\\/\\\/gympro.ma\\\/mytv\\\/?s={search_term_string}\"},\"query-input\":{\"@type\":\"PropertyValueSpecification\",\"valueRequired\":true,\"valueName\":\"search_term_string\"}}],\"inLanguage\":\"fr-FR\"},{\"@type\":[\"Organization\",\"Place\"],\"@id\":\"https:\\\/\\\/gympro.ma\\\/mytv\\\/#organization\",\"name\":\"Gympro IPTV\",\"alternateName\":\"Gympro\",\"url\":\"https:\\\/\\\/gympro.ma\\\/mytv\\\/\",\"logo\":{\"@id\":\"https:\\\/\\\/gympro.ma\\\/mytv\\\/blog\\\/#local-main-organization-logo\"},\"image\":{\"@id\":\"https:\\\/\\\/gympro.ma\\\/mytv\\\/blog\\\/#local-main-organization-logo\"},\"description\":\"GYMPRO IPTV PREMIUM, profitez d\u2019un paiement 100% s\u00e9curis\u00e9 au Maroc via toutes les principales banques, et \u00e0 l\u2019international avec Western Union, RIA, WorldRemit et TapTap Send. Notre support client actif vous accompagne pour un service simple, rapide et fiable.\",\"legalName\":\"GymPro IPTV\",\"foundingDate\":\"2019-06-09\",\"numberOfEmployees\":{\"@type\":\"QuantitativeValue\",\"minValue\":\"11\",\"maxValue\":\"50\"},\"address\":{\"@id\":\"https:\\\/\\\/gympro.ma\\\/mytv\\\/blog\\\/#local-main-place-address\"},\"telephone\":[\"0699136213\"],\"contactPoint\":{\"@type\":\"ContactPoint\",\"telephone\":\"0699136213\",\"email\":\"contact@gm.local\"},\"openingHoursSpecification\":[{\"@type\":\"OpeningHoursSpecification\",\"dayOfWeek\":[\"Monday\",\"Tuesday\",\"Wednesday\",\"Thursday\",\"Friday\",\"Saturday\",\"Sunday\"],\"opens\":\"09:00\",\"closes\":\"17:00\"}],\"email\":\"client@gm.local\",\"faxNumber\":\"maroc\"},{\"@type\":\"PostalAddress\",\"@id\":\"https:\\\/\\\/gympro.ma\\\/mytv\\\/blog\\\/#local-main-place-address\",\"streetAddress\":\"RUE 110 NR 43 BIS casablanca, FDBFDBHFD\",\"addressLocality\":\"CASABLANCA\",\"postalCode\":\"20040\",\"addressRegion\":\"CASABLANCA\",\"addressCountry\":\"MA\"},{\"@type\":\"ImageObject\",\"inLanguage\":\"fr-FR\",\"@id\":\"https:\\\/\\\/gympro.ma\\\/mytv\\\/blog\\\/#local-main-organization-logo\",\"url\":\"https:\\\/\\\/gympro.ma\\\/wp-content\\\/uploads\\\/2025\\\/08\\\/gympro-black.png\",\"contentUrl\":\"https:\\\/\\\/gympro.ma\\\/wp-content\\\/uploads\\\/2025\\\/08\\\/gympro-black.png\",\"width\":820,\"height\":280,\"caption\":\"Gympro IPTV\"}]}<\/script>\n<meta name=\"geo.placename\" content=\"CASABLANCA\" \/>\n<meta name=\"geo.region\" content=\"Maroc\" \/>\n<!-- \/ Yoast SEO Premium plugin. -->","yoast_head_json":{"title":"IPTV Maroc","robots":{"index":"index","follow":"follow","max-snippet":"max-snippet:-1","max-image-preview":"max-image-preview:large","max-video-preview":"max-video-preview:-1"},"canonical":"https:\/\/gympro.ma\/mytv\/blog\/","og_locale":"fr_FR","og_type":"article","og_title":"Blog","og_description":"Votre solution IPTV Smart Player Gratuit &#8211; Gympro IPTV Votre solution IPTV Smart Player premium, fiable et abordable pour une exp\u00e9rience de divertissement num\u00e9rique optimale. Comment Installer IPTV sur Smart TV en 10 \u00c9tapes Faciles &#8211; Gympro Comment Installer IPTV sur smart tv : Guide en 10 \u00c9tapes Faciles avec Gympro IPTV Maroc. Suivez notre [&hellip;]","og_url":"https:\/\/gympro.ma\/mytv\/blog\/","og_site_name":"IPTV Maroc 2025 le Meilleur Service d&#039;abonnement IPTV au Maroc","article_modified_time":"2025-07-02T19:36:32+00:00","og_image":[{"url":"https:\/\/gympro.ma\/wp-content\/uploads\/2025\/06\/smart-iptv-featured-image-1-1024x536.webp","type":"","width":"","height":""}],"twitter_card":"summary_large_image","twitter_misc":{"Dur\u00e9e de lecture estim\u00e9e":"2 minutes"},"schema":{"@context":"https:\/\/schema.org","@graph":[{"@type":"WebPage","@id":"https:\/\/gympro.ma\/mytv\/blog\/","url":"https:\/\/gympro.ma\/mytv\/blog\/","name":"IPTV Maroc","isPartOf":{"@id":"https:\/\/gympro.ma\/mytv\/#website"},"primaryImageOfPage":{"@id":"https:\/\/gympro.ma\/mytv\/blog\/#primaryimage"},"image":{"@id":"https:\/\/gympro.ma\/mytv\/blog\/#primaryimage"},"thumbnailUrl":"https:\/\/gympro.ma\/wp-content\/uploads\/2025\/06\/smart-iptv-featured-image-1-1024x536.webp","datePublished":"2025-06-25T00:45:17+00:00","dateModified":"2025-07-02T19:36:32+00:00","breadcrumb":{"@id":"https:\/\/gympro.ma\/mytv\/blog\/#breadcrumb"},"inLanguage":"fr-FR","potentialAction":[{"@type":"ReadAction","target":["https:\/\/gympro.ma\/mytv\/blog\/"]}]},{"@type":"ImageObject","inLanguage":"fr-FR","@id":"https:\/\/gympro.ma\/mytv\/blog\/#primaryimage","url":"https:\/\/gympro.ma\/wp-content\/uploads\/2025\/06\/smart-iptv-featured-image-1-1024x536.webp","contentUrl":"https:\/\/gympro.ma\/wp-content\/uploads\/2025\/06\/smart-iptv-featured-image-1-1024x536.webp"},{"@type":"BreadcrumbList","@id":"https:\/\/gympro.ma\/mytv\/blog\/#breadcrumb","itemListElement":[{"@type":"ListItem","position":1,"name":"Home","item":"https:\/\/gympro.ma\/mytv\/"},{"@type":"ListItem","position":2,"name":"Blog"}]},{"@type":"WebSite","@id":"https:\/\/gympro.ma\/mytv\/#website","url":"https:\/\/gympro.ma\/mytv\/","name":"IPTV Maroc 2025 le Meilleur Service d&#039;abonnement IPTV au Maroc","description":"IPTV Maroc - Premium IPTV Service | Gympro.Ma","publisher":{"@id":"https:\/\/gympro.ma\/mytv\/#organization"},"potentialAction":[{"@type":"SearchAction","target":{"@type":"EntryPoint","urlTemplate":"https:\/\/gympro.ma\/mytv\/?s={search_term_string}"},"query-input":{"@type":"PropertyValueSpecification","valueRequired":true,"valueName":"search_term_string"}}],"inLanguage":"fr-FR"},{"@type":["Organization","Place"],"@id":"https:\/\/gympro.ma\/mytv\/#organization","name":"Gympro IPTV","alternateName":"Gympro","url":"https:\/\/gympro.ma\/mytv\/","logo":{"@id":"https:\/\/gympro.ma\/mytv\/blog\/#local-main-organization-logo"},"image":{"@id":"https:\/\/gympro.ma\/mytv\/blog\/#local-main-organization-logo"},"description":"GYMPRO IPTV PREMIUM, profitez d\u2019un paiement 100% s\u00e9curis\u00e9 au Maroc via toutes les principales banques, et \u00e0 l\u2019international avec Western Union, RIA, WorldRemit et TapTap Send. Notre support client actif vous accompagne pour un service simple, rapide et fiable.","legalName":"GymPro IPTV","foundingDate":"2019-06-09","numberOfEmployees":{"@type":"QuantitativeValue","minValue":"11","maxValue":"50"},"address":{"@id":"https:\/\/gympro.ma\/mytv\/blog\/#local-main-place-address"},"telephone":["0699136213"],"contactPoint":{"@type":"ContactPoint","telephone":"0699136213","email":"contact@gm.local"},"openingHoursSpecification":[{"@type":"OpeningHoursSpecification","dayOfWeek":["Monday","Tuesday","Wednesday","Thursday","Friday","Saturday","Sunday"],"opens":"09:00","closes":"17:00"}],"email":"client@gm.local","faxNumber":"maroc"},{"@type":"PostalAddress","@id":"https:\/\/gympro.ma\/mytv\/blog\/#local-main-place-address","streetAddress":"RUE 110 NR 43 BIS casablanca, FDBFDBHFD","addressLocality":"CASABLANCA","postalCode":"20040","addressRegion":"CASABLANCA","addressCountry":"MA"},{"@type":"ImageObject","inLanguage":"fr-FR","@id":"https:\/\/gympro.ma\/mytv\/blog\/#local-main-organization-logo","url":"https:\/\/gympro.ma\/wp-content\/uploads\/2025\/08\/gympro-black.png","contentUrl":"https:\/\/gympro.ma\/wp-content\/uploads\/2025\/08\/gympro-black.png","width":820,"height":280,"caption":"Gympro IPTV"}]},"geo.placename":"CASABLANCA","geo.region":"Maroc"},"_links":{"self":[{"href":"https:\/\/gympro.ma\/mytv\/wp-json\/wp\/v2\/pages\/1490","targetHints":{"allow":["GET"]}}],"collection":[{"href":"https:\/\/gympro.ma\/mytv\/wp-json\/wp\/v2\/pages"}],"about":[{"href":"https:\/\/gympro.ma\/mytv\/wp-json\/wp\/v2\/types\/page"}],"author":[{"embeddable":true,"href":"https:\/\/gympro.ma\/mytv\/wp-json\/wp\/v2\/users\/3"}],"replies":[{"embeddable":true,"href":"https:\/\/gympro.ma\/mytv\/wp-json\/wp\/v2\/comments?post=1490"}],"version-history":[{"count":36,"href":"https:\/\/gympro.ma\/mytv\/wp-json\/wp\/v2\/pages\/1490\/revisions"}],"predecessor-version":[{"id":2240,"href":"https:\/\/gympro.ma\/mytv\/wp-json\/wp\/v2\/pages\/1490\/revisions\/2240"}],"wp:attachment":[{"href":"https:\/\/gympro.ma\/mytv\/wp-json\/wp\/v2\/media?parent=1490"}],"curies":[{"name":"wp","href":"https:\/\/api.w.org\/{rel}","templated":true}]}}