{"id":320,"date":"2024-07-02T00:23:19","date_gmt":"2024-07-02T00:23:19","guid":{"rendered":"http:\/\/gm.local\/?page_id=320"},"modified":"2025-08-12T15:17:18","modified_gmt":"2025-08-12T15:17:18","slug":"contact-us","status":"publish","type":"page","link":"https:\/\/gympro.ma\/mytv\/contact-us\/","title":{"rendered":"Contact-us"},"content":{"rendered":"\t\t<div data-elementor-type=\"wp-page\" data-elementor-id=\"320\" class=\"elementor elementor-320\" data-elementor-settings=\"{&quot;ha_cmc_init_switcher&quot;:&quot;no&quot;}\" data-elementor-post-type=\"page\">\n\t\t\t\t<div class=\"elementor-element elementor-element-9aa6611 e-flex e-con-boxed e-con e-parent\" data-id=\"9aa6611\" data-element_type=\"container\" data-e-type=\"container\" data-settings=\"{&quot;_ha_eqh_enable&quot;:false}\">\n\t\t\t\t\t<div class=\"e-con-inner\">\n\t\t\t\t<div class=\"elementor-element elementor-element-380a6ed elementor-widget elementor-widget-heading\" data-id=\"380a6ed\" data-element_type=\"widget\" data-e-type=\"widget\" data-settings=\"{&quot;ekit_we_effect_on&quot;:&quot;none&quot;}\" data-widget_type=\"heading.default\">\n\t\t\t\t<div class=\"elementor-widget-container\">\n\t\t\t\t\t<h1 class=\"elementor-heading-title elementor-size-default\">Contact us <\/h1>\t\t\t\t<\/div>\n\t\t\t\t<\/div>\n\t\t\t\t\t<\/div>\n\t\t\t\t<\/div>\n\t\t<div class=\"elementor-element elementor-element-face17e e-flex e-con-boxed e-con e-parent\" data-id=\"face17e\" data-element_type=\"container\" data-e-type=\"container\" data-settings=\"{&quot;_ha_eqh_enable&quot;:false}\">\n\t\t\t\t\t<div class=\"e-con-inner\">\n\t\t\t\t<div class=\"elementor-element elementor-element-03f9c82 elementor-button-align-stretch elementor-widget elementor-widget-form\" data-id=\"03f9c82\" data-element_type=\"widget\" data-e-type=\"widget\" data-settings=\"{&quot;step_next_label&quot;:&quot;Next&quot;,&quot;step_previous_label&quot;:&quot;Previous&quot;,&quot;button_width&quot;:&quot;100&quot;,&quot;step_type&quot;:&quot;number_text&quot;,&quot;step_icon_shape&quot;:&quot;circle&quot;,&quot;ekit_we_effect_on&quot;:&quot;none&quot;}\" data-widget_type=\"form.default\">\n\t\t\t\t<div class=\"elementor-widget-container\">\n\t\t\t\t\t\t\t<form class=\"elementor-form\" method=\"post\" name=\"New Form\" aria-label=\"New Form\">\n\t\t\t<input type=\"hidden\" name=\"post_id\" value=\"320\"\/>\n\t\t\t<input type=\"hidden\" name=\"form_id\" value=\"03f9c82\"\/>\n\t\t\t<input type=\"hidden\" name=\"referer_title\" value=\"Contact-us - IPTV Maroc 2025 le Meilleur Service d&#039;abonnement IPTV au Maroc\" \/>\n\n\t\t\t\t\t\t\t<input type=\"hidden\" name=\"queried_id\" value=\"320\"\/>\n\t\t\t\n\t\t\t<div class=\"elementor-form-fields-wrapper elementor-labels-above\">\n\t\t\t\t\t\t\t\t<div class=\"elementor-field-type-text elementor-field-group elementor-column elementor-field-group-name elementor-col-100\">\n\t\t\t\t\t\t\t\t\t\t\t\t<label for=\"form-field-name\" class=\"elementor-field-label\">\n\t\t\t\t\t\t\t\tName\t\t\t\t\t\t\t<\/label>\n\t\t\t\t\t\t\t\t\t\t\t\t\t\t<input size=\"1\" type=\"text\" name=\"form_fields[name]\" id=\"form-field-name\" class=\"elementor-field elementor-size-sm  elementor-field-textual\" placeholder=\"Name\">\n\t\t\t\t\t\t\t\t\t\t\t<\/div>\n\t\t\t\t\t\t\t\t<div class=\"elementor-field-type-email elementor-field-group elementor-column elementor-field-group-email elementor-col-100 elementor-field-required\">\n\t\t\t\t\t\t\t\t\t\t\t\t<label for=\"form-field-email\" class=\"elementor-field-label\">\n\t\t\t\t\t\t\t\tEmail\t\t\t\t\t\t\t<\/label>\n\t\t\t\t\t\t\t\t\t\t\t\t\t\t<input size=\"1\" type=\"email\" name=\"form_fields[email]\" id=\"form-field-email\" class=\"elementor-field elementor-size-sm  elementor-field-textual\" placeholder=\"Email\" required=\"required\">\n\t\t\t\t\t\t\t\t\t\t\t<\/div>\n\t\t\t\t\t\t\t\t<div class=\"elementor-field-type-textarea elementor-field-group elementor-column elementor-field-group-message elementor-col-100\">\n\t\t\t\t\t\t\t\t\t\t\t\t<label for=\"form-field-message\" class=\"elementor-field-label\">\n\t\t\t\t\t\t\t\tMessage\t\t\t\t\t\t\t<\/label>\n\t\t\t\t\t\t<textarea class=\"elementor-field-textual elementor-field  elementor-size-sm\" name=\"form_fields[message]\" id=\"form-field-message\" rows=\"4\" placeholder=\"Message\"><\/textarea>\t\t\t\t<\/div>\n\t\t\t\t\t\t\t\t<div class=\"elementor-field-group elementor-column elementor-field-type-submit elementor-col-100 e-form__buttons\">\n\t\t\t\t\t<button class=\"elementor-button elementor-size-sm\" type=\"submit\">\n\t\t\t\t\t\t<span class=\"elementor-button-content-wrapper\">\n\t\t\t\t\t\t\t\t\t\t\t\t\t\t\t\t\t\t\t\t\t\t<span class=\"elementor-button-text\">Send<\/span>\n\t\t\t\t\t\t\t\t\t\t\t\t\t<\/span>\n\t\t\t\t\t<\/button>\n\t\t\t\t<\/div>\n\t\t\t<\/div>\n\t\t<\/form>\n\t\t\t\t\t\t<\/div>\n\t\t\t\t<\/div>\n\t\t\t\t\t<\/div>\n\t\t\t\t<\/div>\n\t\t<div class=\"elementor-element elementor-element-3675d64 e-flex e-con-boxed e-con e-parent\" data-id=\"3675d64\" data-element_type=\"container\" data-e-type=\"container\" data-settings=\"{&quot;_ha_eqh_enable&quot;:false}\">\n\t\t\t\t\t<div class=\"e-con-inner\">\n\t\t\t\t<div class=\"elementor-element elementor-element-78aa24e elementor-widget elementor-widget-text-editor\" data-id=\"78aa24e\" data-element_type=\"widget\" data-e-type=\"widget\" data-settings=\"{&quot;ekit_we_effect_on&quot;:&quot;none&quot;}\" data-widget_type=\"text-editor.default\">\n\t\t\t\t<div class=\"elementor-widget-container\">\n\t\t\t\t\t\t\t\t\t<p class=\"first:mt-1.5\">L\u2019\u00e9quipe <strong class=\"\">GymPro IPTV<\/strong> est \u00e0 votre \u00e9coute !<\/p><p class=\"first:mt-1.5\">Vous avez une question sur nos abonnements, besoin d\u2019assistance technique ou d\u2019un conseil\u202f? Nous sommes l\u00e0 pour vous accompagner \u00e0 chaque \u00e9tape.<\/p><p class=\"first:mt-1.5\"><strong class=\"\">Support rapide sur WhatsApp<\/strong><\/p><p class=\"first:mt-1.5\">Pour toute demande urgente ou besoin d\u2019aide imm\u00e9diate, contactez-nous directement sur <strong class=\"\">WhatsApp<\/strong>. Notre support est r\u00e9actif et disponible pour vous aider rapidement.<\/p><p class=\"first:mt-1.5\">\u00a0<\/p>\t\t\t\t\t\t\t\t<\/div>\n\t\t\t\t<\/div>\n\t\t\t\t\t<\/div>\n\t\t\t\t<\/div>\n\t\t\t\t<\/div>\n\t\t","protected":false},"excerpt":{"rendered":"<p>Contact us L\u2019\u00e9quipe GymPro IPTV est \u00e0 votre \u00e9coute ! Vous avez une question sur nos abonnements, besoin d\u2019assistance technique ou d\u2019un conseil\u202f? Nous sommes l\u00e0 pour vous accompagner \u00e0 chaque \u00e9tape. Support rapide sur WhatsApp Pour toute demande urgente ou besoin d\u2019aide imm\u00e9diate, contactez-nous directement sur WhatsApp. Notre support est r\u00e9actif et disponible pour [&hellip;]<\/p>\n","protected":false},"author":3,"featured_media":0,"parent":0,"menu_order":0,"comment_status":"closed","ping_status":"closed","template":"","meta":{"footnotes":""},"class_list":["post-320","page","type-page","status-publish","hentry"],"yoast_head":"<!-- This site is optimized with the Yoast SEO Premium plugin v26.0 (Yoast SEO v27.4) - https:\/\/yoast.com\/product\/yoast-seo-premium-wordpress\/ -->\n<title>Contact-us - IPTV Maroc 2025 le Meilleur Service d&#039;abonnement IPTV au Maroc<\/title>\n<meta name=\"robots\" content=\"index, follow, max-snippet:-1, max-image-preview:large, max-video-preview:-1\" \/>\n<link rel=\"canonical\" href=\"https:\/\/gympro.ma\/mytv\/contact-us\/\" \/>\n<meta property=\"og:locale\" content=\"fr_FR\" \/>\n<meta property=\"og:type\" content=\"article\" \/>\n<meta property=\"og:title\" content=\"Contact-us\" \/>\n<meta property=\"og:description\" content=\"Contact us L\u2019\u00e9quipe GymPro IPTV est \u00e0 votre \u00e9coute ! Vous avez une question sur nos abonnements, besoin d\u2019assistance technique ou d\u2019un conseil\u202f? Nous sommes l\u00e0 pour vous accompagner \u00e0 chaque \u00e9tape. Support rapide sur WhatsApp Pour toute demande urgente ou besoin d\u2019aide imm\u00e9diate, contactez-nous directement sur WhatsApp. Notre support est r\u00e9actif et disponible pour [&hellip;]\" \/>\n<meta property=\"og:url\" content=\"https:\/\/gympro.ma\/mytv\/contact-us\/\" \/>\n<meta property=\"og:site_name\" content=\"IPTV Maroc 2025 le Meilleur Service d&#039;abonnement IPTV au Maroc\" \/>\n<meta property=\"article:modified_time\" content=\"2025-08-12T15:17:18+00:00\" \/>\n<meta name=\"twitter:card\" content=\"summary_large_image\" \/>\n<meta name=\"twitter:label1\" content=\"Dur\u00e9e de lecture estim\u00e9e\" \/>\n\t<meta name=\"twitter:data1\" content=\"1 minute\" \/>\n<script type=\"application\/ld+json\" class=\"yoast-schema-graph\">{\"@context\":\"https:\\\/\\\/schema.org\",\"@graph\":[{\"@type\":\"WebPage\",\"@id\":\"https:\\\/\\\/gympro.ma\\\/mytv\\\/contact-us\\\/\",\"url\":\"https:\\\/\\\/gympro.ma\\\/mytv\\\/contact-us\\\/\",\"name\":\"Contact-us - IPTV Maroc 2025 le Meilleur Service d&#039;abonnement IPTV au Maroc\",\"isPartOf\":{\"@id\":\"https:\\\/\\\/gympro.ma\\\/mytv\\\/#website\"},\"datePublished\":\"2024-07-02T00:23:19+00:00\",\"dateModified\":\"2025-08-12T15:17:18+00:00\",\"breadcrumb\":{\"@id\":\"https:\\\/\\\/gympro.ma\\\/mytv\\\/contact-us\\\/#breadcrumb\"},\"inLanguage\":\"fr-FR\",\"potentialAction\":[{\"@type\":\"ReadAction\",\"target\":[\"https:\\\/\\\/gympro.ma\\\/mytv\\\/contact-us\\\/\"]}]},{\"@type\":\"BreadcrumbList\",\"@id\":\"https:\\\/\\\/gympro.ma\\\/mytv\\\/contact-us\\\/#breadcrumb\",\"itemListElement\":[{\"@type\":\"ListItem\",\"position\":1,\"name\":\"Home\",\"item\":\"https:\\\/\\\/gympro.ma\\\/mytv\\\/\"},{\"@type\":\"ListItem\",\"position\":2,\"name\":\"Contact-us\"}]},{\"@type\":\"WebSite\",\"@id\":\"https:\\\/\\\/gympro.ma\\\/mytv\\\/#website\",\"url\":\"https:\\\/\\\/gympro.ma\\\/mytv\\\/\",\"name\":\"IPTV Maroc 2025 le Meilleur Service d&#039;abonnement IPTV au Maroc\",\"description\":\"IPTV Maroc - Premium IPTV Service | Gympro.Ma\",\"publisher\":{\"@id\":\"https:\\\/\\\/gympro.ma\\\/mytv\\\/#organization\"},\"potentialAction\":[{\"@type\":\"SearchAction\",\"target\":{\"@type\":\"EntryPoint\",\"urlTemplate\":\"https:\\\/\\\/gympro.ma\\\/mytv\\\/?s={search_term_string}\"},\"query-input\":{\"@type\":\"PropertyValueSpecification\",\"valueRequired\":true,\"valueName\":\"search_term_string\"}}],\"inLanguage\":\"fr-FR\"},{\"@type\":[\"Organization\",\"Place\"],\"@id\":\"https:\\\/\\\/gympro.ma\\\/mytv\\\/#organization\",\"name\":\"Gympro IPTV\",\"alternateName\":\"Gympro\",\"url\":\"https:\\\/\\\/gympro.ma\\\/mytv\\\/\",\"logo\":{\"@id\":\"https:\\\/\\\/gympro.ma\\\/mytv\\\/contact-us\\\/#local-main-organization-logo\"},\"image\":{\"@id\":\"https:\\\/\\\/gympro.ma\\\/mytv\\\/contact-us\\\/#local-main-organization-logo\"},\"description\":\"GYMPRO IPTV PREMIUM, profitez d\u2019un paiement 100% s\u00e9curis\u00e9 au Maroc via toutes les principales banques, et \u00e0 l\u2019international avec Western Union, RIA, WorldRemit et TapTap Send. Notre support client actif vous accompagne pour un service simple, rapide et fiable.\",\"legalName\":\"GymPro IPTV\",\"foundingDate\":\"2019-06-09\",\"numberOfEmployees\":{\"@type\":\"QuantitativeValue\",\"minValue\":\"11\",\"maxValue\":\"50\"},\"address\":{\"@id\":\"https:\\\/\\\/gympro.ma\\\/mytv\\\/contact-us\\\/#local-main-place-address\"},\"telephone\":[\"0699136213\"],\"contactPoint\":{\"@type\":\"ContactPoint\",\"telephone\":\"0699136213\",\"email\":\"contact@gm.local\"},\"openingHoursSpecification\":[{\"@type\":\"OpeningHoursSpecification\",\"dayOfWeek\":[\"Monday\",\"Tuesday\",\"Wednesday\",\"Thursday\",\"Friday\",\"Saturday\",\"Sunday\"],\"opens\":\"09:00\",\"closes\":\"17:00\"}],\"email\":\"client@gm.local\",\"faxNumber\":\"maroc\"},{\"@type\":\"PostalAddress\",\"@id\":\"https:\\\/\\\/gympro.ma\\\/mytv\\\/contact-us\\\/#local-main-place-address\",\"streetAddress\":\"RUE 110 NR 43 BIS casablanca, FDBFDBHFD\",\"addressLocality\":\"CASABLANCA\",\"postalCode\":\"20040\",\"addressRegion\":\"CASABLANCA\",\"addressCountry\":\"MA\"},{\"@type\":\"ImageObject\",\"inLanguage\":\"fr-FR\",\"@id\":\"https:\\\/\\\/gympro.ma\\\/mytv\\\/contact-us\\\/#local-main-organization-logo\",\"url\":\"https:\\\/\\\/gympro.ma\\\/wp-content\\\/uploads\\\/2025\\\/08\\\/gympro-black.png\",\"contentUrl\":\"https:\\\/\\\/gympro.ma\\\/wp-content\\\/uploads\\\/2025\\\/08\\\/gympro-black.png\",\"width\":820,\"height\":280,\"caption\":\"Gympro IPTV\"}]}<\/script>\n<meta name=\"geo.placename\" content=\"CASABLANCA\" \/>\n<meta name=\"geo.region\" content=\"Maroc\" \/>\n<!-- \/ Yoast SEO Premium plugin. -->","yoast_head_json":{"title":"Contact-us - IPTV Maroc 2025 le Meilleur Service d&#039;abonnement IPTV au Maroc","robots":{"index":"index","follow":"follow","max-snippet":"max-snippet:-1","max-image-preview":"max-image-preview:large","max-video-preview":"max-video-preview:-1"},"canonical":"https:\/\/gympro.ma\/mytv\/contact-us\/","og_locale":"fr_FR","og_type":"article","og_title":"Contact-us","og_description":"Contact us L\u2019\u00e9quipe GymPro IPTV est \u00e0 votre \u00e9coute ! Vous avez une question sur nos abonnements, besoin d\u2019assistance technique ou d\u2019un conseil\u202f? Nous sommes l\u00e0 pour vous accompagner \u00e0 chaque \u00e9tape. Support rapide sur WhatsApp Pour toute demande urgente ou besoin d\u2019aide imm\u00e9diate, contactez-nous directement sur WhatsApp. Notre support est r\u00e9actif et disponible pour [&hellip;]","og_url":"https:\/\/gympro.ma\/mytv\/contact-us\/","og_site_name":"IPTV Maroc 2025 le Meilleur Service d&#039;abonnement IPTV au Maroc","article_modified_time":"2025-08-12T15:17:18+00:00","twitter_card":"summary_large_image","twitter_misc":{"Dur\u00e9e de lecture estim\u00e9e":"1 minute"},"schema":{"@context":"https:\/\/schema.org","@graph":[{"@type":"WebPage","@id":"https:\/\/gympro.ma\/mytv\/contact-us\/","url":"https:\/\/gympro.ma\/mytv\/contact-us\/","name":"Contact-us - IPTV Maroc 2025 le Meilleur Service d&#039;abonnement IPTV au Maroc","isPartOf":{"@id":"https:\/\/gympro.ma\/mytv\/#website"},"datePublished":"2024-07-02T00:23:19+00:00","dateModified":"2025-08-12T15:17:18+00:00","breadcrumb":{"@id":"https:\/\/gympro.ma\/mytv\/contact-us\/#breadcrumb"},"inLanguage":"fr-FR","potentialAction":[{"@type":"ReadAction","target":["https:\/\/gympro.ma\/mytv\/contact-us\/"]}]},{"@type":"BreadcrumbList","@id":"https:\/\/gympro.ma\/mytv\/contact-us\/#breadcrumb","itemListElement":[{"@type":"ListItem","position":1,"name":"Home","item":"https:\/\/gympro.ma\/mytv\/"},{"@type":"ListItem","position":2,"name":"Contact-us"}]},{"@type":"WebSite","@id":"https:\/\/gympro.ma\/mytv\/#website","url":"https:\/\/gympro.ma\/mytv\/","name":"IPTV Maroc 2025 le Meilleur Service d&#039;abonnement IPTV au Maroc","description":"IPTV Maroc - Premium IPTV Service | Gympro.Ma","publisher":{"@id":"https:\/\/gympro.ma\/mytv\/#organization"},"potentialAction":[{"@type":"SearchAction","target":{"@type":"EntryPoint","urlTemplate":"https:\/\/gympro.ma\/mytv\/?s={search_term_string}"},"query-input":{"@type":"PropertyValueSpecification","valueRequired":true,"valueName":"search_term_string"}}],"inLanguage":"fr-FR"},{"@type":["Organization","Place"],"@id":"https:\/\/gympro.ma\/mytv\/#organization","name":"Gympro IPTV","alternateName":"Gympro","url":"https:\/\/gympro.ma\/mytv\/","logo":{"@id":"https:\/\/gympro.ma\/mytv\/contact-us\/#local-main-organization-logo"},"image":{"@id":"https:\/\/gympro.ma\/mytv\/contact-us\/#local-main-organization-logo"},"description":"GYMPRO IPTV PREMIUM, profitez d\u2019un paiement 100% s\u00e9curis\u00e9 au Maroc via toutes les principales banques, et \u00e0 l\u2019international avec Western Union, RIA, WorldRemit et TapTap Send. Notre support client actif vous accompagne pour un service simple, rapide et fiable.","legalName":"GymPro IPTV","foundingDate":"2019-06-09","numberOfEmployees":{"@type":"QuantitativeValue","minValue":"11","maxValue":"50"},"address":{"@id":"https:\/\/gympro.ma\/mytv\/contact-us\/#local-main-place-address"},"telephone":["0699136213"],"contactPoint":{"@type":"ContactPoint","telephone":"0699136213","email":"contact@gm.local"},"openingHoursSpecification":[{"@type":"OpeningHoursSpecification","dayOfWeek":["Monday","Tuesday","Wednesday","Thursday","Friday","Saturday","Sunday"],"opens":"09:00","closes":"17:00"}],"email":"client@gm.local","faxNumber":"maroc"},{"@type":"PostalAddress","@id":"https:\/\/gympro.ma\/mytv\/contact-us\/#local-main-place-address","streetAddress":"RUE 110 NR 43 BIS casablanca, FDBFDBHFD","addressLocality":"CASABLANCA","postalCode":"20040","addressRegion":"CASABLANCA","addressCountry":"MA"},{"@type":"ImageObject","inLanguage":"fr-FR","@id":"https:\/\/gympro.ma\/mytv\/contact-us\/#local-main-organization-logo","url":"https:\/\/gympro.ma\/wp-content\/uploads\/2025\/08\/gympro-black.png","contentUrl":"https:\/\/gympro.ma\/wp-content\/uploads\/2025\/08\/gympro-black.png","width":820,"height":280,"caption":"Gympro IPTV"}]},"geo.placename":"CASABLANCA","geo.region":"Maroc"},"_links":{"self":[{"href":"https:\/\/gympro.ma\/mytv\/wp-json\/wp\/v2\/pages\/320","targetHints":{"allow":["GET"]}}],"collection":[{"href":"https:\/\/gympro.ma\/mytv\/wp-json\/wp\/v2\/pages"}],"about":[{"href":"https:\/\/gympro.ma\/mytv\/wp-json\/wp\/v2\/types\/page"}],"author":[{"embeddable":true,"href":"https:\/\/gympro.ma\/mytv\/wp-json\/wp\/v2\/users\/3"}],"replies":[{"embeddable":true,"href":"https:\/\/gympro.ma\/mytv\/wp-json\/wp\/v2\/comments?post=320"}],"version-history":[{"count":30,"href":"https:\/\/gympro.ma\/mytv\/wp-json\/wp\/v2\/pages\/320\/revisions"}],"predecessor-version":[{"id":2411,"href":"https:\/\/gympro.ma\/mytv\/wp-json\/wp\/v2\/pages\/320\/revisions\/2411"}],"wp:attachment":[{"href":"https:\/\/gympro.ma\/mytv\/wp-json\/wp\/v2\/media?parent=320"}],"curies":[{"name":"wp","href":"https:\/\/api.w.org\/{rel}","templated":true}]}}